{"id":22,"date":"2021-05-03T17:35:15","date_gmt":"2021-05-03T17:35:15","guid":{"rendered":"https:\/\/kulturerleben.com\/?page_id=22"},"modified":"2021-05-04T14:37:18","modified_gmt":"2021-05-04T14:37:18","slug":"create-your-website-with-blocks","status":"publish","type":"page","link":"https:\/\/kulturerleben.com\/","title":{"rendered":"Hier entsteht derzeit eine neue Webpr\u00e4senz"},"content":{"rendered":"\n<h2 class=\"alignwide has-text-align-wide has-gigantic-font-size wp-block-heading\" style=\"line-height:1.1\">In Zukunft k\u00f6nnen Sie hier 360\u00b0 Panoramas von diversen kulturellen St\u00e4tten entdecken<\/h2>\n\n\n\n<div style=\"height:100px\" aria-hidden=\"true\" class=\"wp-block-spacer\"><\/div>\n\n\n\n<div class=\"wp-block-columns alignwide are-vertically-aligned-center is-style-twentytwentyone-columns-overlap is-layout-flex wp-container-core-columns-is-layout-9d6595d7 wp-block-columns-is-layout-flex\">\n<div class=\"wp-block-column is-vertically-aligned-center is-layout-flow wp-block-column-is-layout-flow\">\n<figure class=\"wp-block-image alignfull size-large\"><img data-recalc-dims=\"1\" decoding=\"async\" src=\"https:\/\/i0.wp.com\/kulturerleben.com\/wp-content\/themes\/twentytwentyone\/assets\/images\/roses-tremieres-hollyhocks-1884.jpg?w=750&#038;ssl=1\" alt=\"\u201cRoses Tr\u00e9mi\u00e8res\u201d by Berthe Morisot\"\/><\/figure>\n\n\n\n<div style=\"height:100px\" aria-hidden=\"true\" class=\"wp-block-spacer\"><\/div>\n\n\n\n<figure class=\"wp-block-image alignfull size-large is-style-twentytwentyone-image-frame\"><img data-recalc-dims=\"1\" decoding=\"async\" src=\"https:\/\/i0.wp.com\/kulturerleben.com\/wp-content\/themes\/twentytwentyone\/assets\/images\/in-the-bois-de-boulogne.jpg?w=750&#038;ssl=1\" alt=\"\u201cIn the Bois de Boulogne\u201d by Berthe Morisot\"\/><\/figure>\n<\/div>\n\n\n\n<div class=\"wp-block-column is-vertically-aligned-center is-layout-flow wp-block-column-is-layout-flow\">\n<div style=\"height:100px\" aria-hidden=\"true\" class=\"wp-block-spacer\"><\/div>\n\n\n\n<figure class=\"wp-block-image size-large alignfull size-full is-style-twentytwentyone-border\"><img data-recalc-dims=\"1\" decoding=\"async\" src=\"https:\/\/i0.wp.com\/kulturerleben.com\/wp-content\/themes\/twentytwentyone\/assets\/images\/young-woman-in-mauve.jpg?w=750&#038;ssl=1\" alt=\"\u201cYoung Woman in Mauve\u201d by Berthe Morisot\"\/><\/figure>\n<\/div>\n<\/div>\n\n\n\n<div style=\"height:50px\" aria-hidden=\"true\" class=\"wp-block-spacer\"><\/div>\n\n\n\n<div class=\"wp-block-columns alignwide are-vertically-aligned-top is-layout-flex wp-container-core-columns-is-layout-9d6595d7 wp-block-columns-is-layout-flex\">\n<div class=\"wp-block-column is-vertically-aligned-top is-layout-flow wp-block-column-is-layout-flow\">\n<h3 class=\"wp-block-heading\">Kulturelle St\u00e4tten<\/h3>\n\n\n\n<p>Hier werden in naher Zukunft Panoramen verschiedener Geb\u00e4ude wie zum Beispiel dem Stephansdom stehen.<\/p>\n<\/div>\n\n\n\n<div class=\"wp-block-column is-vertically-aligned-top is-layout-flow wp-block-column-is-layout-flow\">\n<h3 class=\"wp-block-heading\">Kulturelle Veranstaltungen<\/h3>\n\n\n\n<p>Geplant sind auch 360\u00b0 Videos von verschiedenen kulturellen Veranstaltungen<\/p>\n<\/div>\n\n\n\n<div class=\"wp-block-column is-vertically-aligned-top is-layout-flow wp-block-column-is-layout-flow\">\n<h3 class=\"wp-block-heading\">Auch das Mischen von Video und Panoramen ist m\u00f6glich<\/h3>\n\n\n\n<p>Wenn Sie Interesse an einer Zusammenarbeit haben, w\u00fcrden wir uns \u00fcber eine Anfrage freuen.<\/p>\n<\/div>\n<\/div>\n\n\n\n<div style=\"height:100px\" aria-hidden=\"true\" class=\"wp-block-spacer\"><\/div>\n\n\n\n<div class=\"wp-block-cover alignwide has-green-background-color has-background-dim is-style-twentytwentyone-border\"><div class=\"wp-block-cover__inner-container is-layout-flow wp-block-cover-is-layout-flow\">\n<div style=\"height:20px\" aria-hidden=\"true\" class=\"wp-block-spacer\"><\/div>\n\n\n\n<p class=\"has-huge-font-size\">Need help?<\/p>\n\n\n\n<div style=\"height:75px\" aria-hidden=\"true\" class=\"wp-block-spacer\"><\/div>\n\n\n\n<div class=\"wp-block-columns is-layout-flex wp-container-core-columns-is-layout-9d6595d7 wp-block-columns-is-layout-flex\">\n<div class=\"wp-block-column is-layout-flow wp-block-column-is-layout-flow\">\n<p><a href=\"https:\/\/wordpress.org\/support\/article\/twenty-twenty-one\/\">Read the Theme Documentation<\/a><\/p>\n<\/div>\n\n\n\n<div class=\"wp-block-column is-layout-flow wp-block-column-is-layout-flow\">\n<p><a href=\"https:\/\/wordpress.org\/support\/theme\/twentytwentyone\/\">Check out the Support Forums<\/a><\/p>\n<\/div>\n<\/div>\n\n\n\n<div style=\"height:20px\" aria-hidden=\"true\" class=\"wp-block-spacer\"><\/div>\n<\/div><\/div>\n","protected":false},"excerpt":{"rendered":"<p>In Zukunft k\u00f6nnen Sie hier 360\u00b0 Panoramas von diversen kulturellen St\u00e4tten entdecken Kulturelle St\u00e4tten Hier werden in naher Zukunft Panoramen verschiedener Geb\u00e4ude wie zum Beispiel dem Stephansdom stehen. Kulturelle Veranstaltungen Geplant sind auch 360\u00b0 Videos von verschiedenen kulturellen Veranstaltungen Auch das Mischen von Video und Panoramen ist m\u00f6glich Wenn Sie Interesse an einer Zusammenarbeit haben,&hellip; <a class=\"more-link\" href=\"https:\/\/kulturerleben.com\/\"><span class=\"screen-reader-text\">Hier entsteht derzeit eine neue Webpr\u00e4senz<\/span> weiterlesen<\/a><\/p>\n","protected":false},"author":1,"featured_media":0,"parent":0,"menu_order":0,"comment_status":"closed","ping_status":"closed","template":"","meta":{"nf_dc_page":"","om_disable_all_campaigns":false,"_monsterinsights_skip_tracking":false,"_monsterinsights_sitenote_active":false,"_monsterinsights_sitenote_note":"","_monsterinsights_sitenote_category":0,"footnotes":""},"class_list":["post-22","page","type-page","status-publish","hentry","entry"],"aioseo_notices":[],"jetpack_sharing_enabled":true,"_links":{"self":[{"href":"https:\/\/kulturerleben.com\/index.php?rest_route=\/wp\/v2\/pages\/22","targetHints":{"allow":["GET"]}}],"collection":[{"href":"https:\/\/kulturerleben.com\/index.php?rest_route=\/wp\/v2\/pages"}],"about":[{"href":"https:\/\/kulturerleben.com\/index.php?rest_route=\/wp\/v2\/types\/page"}],"author":[{"embeddable":true,"href":"https:\/\/kulturerleben.com\/index.php?rest_route=\/wp\/v2\/users\/1"}],"replies":[{"embeddable":true,"href":"https:\/\/kulturerleben.com\/index.php?rest_route=%2Fwp%2Fv2%2Fcomments&post=22"}],"version-history":[{"count":2,"href":"https:\/\/kulturerleben.com\/index.php?rest_route=\/wp\/v2\/pages\/22\/revisions"}],"predecessor-version":[{"id":56,"href":"https:\/\/kulturerleben.com\/index.php?rest_route=\/wp\/v2\/pages\/22\/revisions\/56"}],"wp:attachment":[{"href":"https:\/\/kulturerleben.com\/index.php?rest_route=%2Fwp%2Fv2%2Fmedia&parent=22"}],"curies":[{"name":"wp","href":"https:\/\/api.w.org\/{rel}","templated":true}]}}